{"id":26,"date":"2026-01-05T19:21:40","date_gmt":"2026-01-05T18:21:40","guid":{"rendered":"https:\/\/gramnatura.you2.pl\/?page_id=26"},"modified":"2026-01-15T19:42:21","modified_gmt":"2026-01-15T18:42:21","slug":"o-firmie","status":"publish","type":"page","link":"https:\/\/gramnatura.you2.pl\/index.php\/o-firmie\/","title":{"rendered":"O firmie"},"content":{"rendered":"\n<div class=\"wp-block-cover alignfull is-light has-parallax\" style=\"margin-top:0;min-height:474px;aspect-ratio:unset;\"><div class=\"wp-block-cover__image-background wp-image-40 size-large has-parallax\" style=\"background-position:50% 50%;background-image:url(http:\/\/gramnatura.you2.pl\/wp-content\/uploads\/2026\/01\/dried-lily-leaf-textured-background-design-1024x683.jpg)\"><\/div><span aria-hidden=\"true\" class=\"wp-block-cover__background has-background-dim-0 has-background-dim\" style=\"background-color:#e1dcd6\"><\/span><div class=\"wp-block-cover__inner-container is-layout-flow wp-block-cover-is-layout-flow\">\n<p class=\"has-text-align-center has-custom-color-4-color has-text-color has-link-color has-noto-serif-display-font-family has-xx-large-font-size wp-elements-e63a8331c1356bda06e2a2c215ec9487\" style=\"font-style:normal;font-weight:900\">O FIRMIE<\/p>\n\n\n\n<p class=\"has-text-align-center has-custom-color-4-color has-text-color has-link-color has-geom-font-family wp-elements-e3c576c1382888286b06cbe8fb74b6ca\"><strong><em>GRAMNATURA &#8211; Manufaktura papieru i zaprosze\u0144 \u015blubnych.<\/em><\/strong><\/p>\n<\/div><\/div>\n\n\n\n<div class=\"wp-block-group alignfull has-custom-color-7-background-color has-background has-global-padding is-layout-constrained wp-container-core-group-is-layout-7276a2bb wp-block-group-is-layout-constrained\" style=\"margin-top:0;margin-bottom:0;padding-top:var(--wp--preset--spacing--60);padding-right:var(--wp--preset--spacing--30);padding-bottom:var(--wp--preset--spacing--60);padding-left:var(--wp--preset--spacing--30)\">\n<div style=\"height:0px\" aria-hidden=\"true\" class=\"wp-block-spacer\"><\/div>\n\n\n\n<h2 class=\"wp-block-heading has-text-align-center has-text-color has-link-color has-noto-serif-display-font-family has-x-large-font-size wp-elements-89c906bfebb4cdebb2d2dfec2578d1c0\" style=\"color:#478162;margin-top:0;margin-bottom:1rem;font-style:normal;font-weight:700\">Z mi\u0142o\u015bci do rzemios\u0142a i szelestu papieru<\/h2>\n\n\n\n<div style=\"height:0px\" aria-hidden=\"true\" class=\"wp-block-spacer\"><\/div>\n\n\n\n<p class=\"has-text-align-center has-custom-color-4-color has-text-color has-link-color has-arsenal-font-family wp-elements-f1cb3da77cde030a46cca1b7d1f76f5c\" style=\"margin-top:16px;font-style:normal;font-weight:700\"><em>\u201eCzy zaproszenie mo\u017ce by\u0107 czym\u015b wi\u0119cej ni\u017c tylko kartk\u0105 z informacj\u0105?\u201d<\/em><\/p>\n\n\n\n<p class=\"has-text-align-center has-custom-color-4-color has-text-color has-link-color has-geom-font-family wp-elements-c1bfb4dd2922b8775fd430e9cd6e6fcd\" style=\"margin-top:16px\"> Szukaj\u0105c odpowiedzi, odkryli\u015bmy \u015bwiat tradycyjnego papiernictwa, w kt\u00f3rym czas p\u0142ynie wolniej, a ka\u017cdy arkusz ma swoj\u0105 dusz\u0119. Tak narodzi\u0142a si\u0119 <strong>GRAMNATURA<\/strong>.<\/p>\n\n\n\n<div style=\"height:0px\" aria-hidden=\"true\" class=\"wp-block-spacer\"><\/div>\n<\/div>\n\n\n\n<div class=\"wp-block-cover alignfull is-light has-parallax\" style=\"margin-top:0;min-height:129px;aspect-ratio:unset;\"><div class=\"wp-block-cover__image-background wp-image-40 size-large has-parallax\" style=\"background-position:50% 50%;background-image:url(http:\/\/gramnatura.you2.pl\/wp-content\/uploads\/2026\/01\/dried-lily-leaf-textured-background-design-1024x683.jpg)\"><\/div><span aria-hidden=\"true\" class=\"wp-block-cover__background has-background-dim-0 has-background-dim\" style=\"background-color:#e1dcd6\"><\/span><div class=\"wp-block-cover__inner-container is-layout-flow wp-block-cover-is-layout-flow\">\n<p class=\"has-text-align-center has-large-font-size\"><\/p>\n<\/div><\/div>\n\n\n\n<div class=\"wp-block-group alignfull has-background has-global-padding is-layout-constrained wp-container-core-group-is-layout-7276a2bb wp-block-group-is-layout-constrained\" style=\"background-color:#e4dbd3;margin-top:0;margin-bottom:0;padding-top:var(--wp--preset--spacing--60);padding-right:var(--wp--preset--spacing--30);padding-bottom:var(--wp--preset--spacing--60);padding-left:var(--wp--preset--spacing--30)\">\n<div class=\"wp-block-columns alignwide is-layout-flex wp-container-core-columns-is-layout-47c06fe3 wp-block-columns-is-layout-flex\">\n<div class=\"wp-block-column is-vertically-aligned-center is-layout-flow wp-block-column-is-layout-flow\" style=\"flex-basis:60%\">\n<h2 class=\"wp-block-heading has-custom-color-4-color has-text-color has-link-color has-noto-serif-display-font-family has-x-large-font-size wp-elements-84b77cc7a070bed136f867796e90dd95\" style=\"margin-top:0;margin-bottom:1rem;font-style:normal;font-weight:700\">Dlaczego papier czerpany?<\/h2>\n\n\n\n<p class=\"has-custom-color-4-color has-text-color has-link-color has-geom-font-family wp-elements-58bf95e813acb324b01e0829af35ff52\" style=\"margin-top:16px\">Przez lata pracy z papierem zrozumieli\u015bmy, \u017ce luksus tkwi w niedoskona\u0142o\u015bci i unikalno\u015bci. Dlatego w pracowni nie korzystamy wy\u0142\u0105cznie z gotowych rozwi\u0105za\u0144. Nasze do\u015bwiadczenie pozwala nam:<\/p>\n<\/div>\n\n\n\n<div class=\"wp-block-column is-vertically-aligned-center is-layout-flow wp-container-core-column-is-layout-f5bb311e wp-block-column-is-layout-flow\" style=\"flex-basis:50%\">\n<figure class=\"wp-block-image size-large is-style-default\"><img loading=\"lazy\" decoding=\"async\" width=\"1024\" height=\"683\" src=\"https:\/\/gramnatura.you2.pl\/wp-content\/uploads\/2026\/01\/paper-sheet-with-plant-branches-table-1024x683.jpg\" alt=\"\" class=\"wp-image-352\" srcset=\"https:\/\/gramnatura.you2.pl\/wp-content\/uploads\/2026\/01\/paper-sheet-with-plant-branches-table-1024x683.jpg 1024w, https:\/\/gramnatura.you2.pl\/wp-content\/uploads\/2026\/01\/paper-sheet-with-plant-branches-table-300x200.jpg 300w, https:\/\/gramnatura.you2.pl\/wp-content\/uploads\/2026\/01\/paper-sheet-with-plant-branches-table-768x512.jpg 768w, https:\/\/gramnatura.you2.pl\/wp-content\/uploads\/2026\/01\/paper-sheet-with-plant-branches-table-1536x1024.jpg 1536w, https:\/\/gramnatura.you2.pl\/wp-content\/uploads\/2026\/01\/paper-sheet-with-plant-branches-table-2048x1365.jpg 2048w\" sizes=\"auto, (max-width: 1024px) 100vw, 1024px\" \/><\/figure>\n<\/div>\n<\/div>\n\n\n\n<div style=\"margin-top:var(--wp--preset--spacing--30);margin-bottom:var(--wp--preset--spacing--30);height:1px\" aria-hidden=\"true\" class=\"wp-block-spacer\"><\/div>\n\n\n\n<div class=\"wp-block-columns alignwide has-custom-color-8-background-color has-background is-layout-flex wp-container-core-columns-is-layout-28f84493 wp-block-columns-is-layout-flex\">\n<div class=\"wp-block-column is-vertically-aligned-center is-layout-flow wp-block-column-is-layout-flow\">\n<div class=\"wp-block-group is-vertical is-layout-flex wp-container-core-group-is-layout-fe9cc265 wp-block-group-is-layout-flex\">\n<h3 class=\"wp-block-heading has-text-align-center has-text-color has-link-color has-geom-font-family wp-elements-c31f9a38f0c553f7fba8c70406f788b1\" style=\"color:#478162\">W\u0142asnor\u0119cznie tworzy\u0107 papier<\/h3>\n\n\n\n<p class=\"has-text-align-center has-custom-color-4-color has-text-color has-link-color has-geom-font-family wp-elements-28792ad4c31cac1d27c21bd5f558f3ba\">nadaj\u0105c mu nieregularne brzegi i struktur\u0119, kt\u00f3rej nie da si\u0119 podrobi\u0107 maszynowo<\/p>\n<\/div>\n<\/div>\n\n\n\n<div class=\"wp-block-column is-vertically-aligned-center is-layout-flow wp-block-column-is-layout-flow\">\n<div class=\"wp-block-group is-vertical is-layout-flex wp-container-core-group-is-layout-fe9cc265 wp-block-group-is-layout-flex\">\n<h3 class=\"wp-block-heading has-text-align-center has-text-color has-link-color has-geom-font-family wp-elements-d8c11f9d9b1e84c92624dc97e9659182\" style=\"color:#478162\">Wykorzystywa\u0107 wiedz\u0119 rzemie\u015blnicz\u0105<\/h3>\n\n\n\n<p class=\"has-text-align-center has-custom-color-4-color has-text-color has-link-color has-geom-font-family wp-elements-a68cbbe3262df0681e08aba1804e96b8\">dbaj\u0105c o to, by efekt ko\u0144cowy by\u0142 sp\u00f3jny, elegancki i trwa\u0142y.<\/p>\n<\/div>\n<\/div>\n\n\n\n<div class=\"wp-block-column is-vertically-aligned-center is-layout-flow wp-block-column-is-layout-flow\">\n<div class=\"wp-block-group is-vertical is-layout-flex wp-container-core-group-is-layout-fe9cc265 wp-block-group-is-layout-flex\">\n<h3 class=\"wp-block-heading has-text-align-center has-text-color has-link-color has-geom-font-family wp-elements-ea28fd4c05683d6bf9e47859e85d7489\" style=\"color:#478162\">Dobiera\u0107 idealne techniki druku<\/h3>\n\n\n\n<p class=\"has-text-align-center has-custom-color-4-color has-text-color has-link-color has-geom-font-family wp-elements-ccab3a2c2cfcb7ab1eea09fc54902cc6\">kt\u00f3re najlepiej wsp\u00f3\u0142graj\u0105 z wymagaj\u0105cym, ch\u0142onnym pod\u0142o\u017cem.<\/p>\n<\/div>\n<\/div>\n<\/div>\n<\/div>\n\n\n\n<div class=\"wp-block-cover alignfull is-light has-parallax\" style=\"margin-top:0;min-height:680px;aspect-ratio:unset;\"><div class=\"wp-block-cover__image-background wp-image-40 size-large has-parallax\" style=\"background-position:50% 50%;background-image:url(http:\/\/gramnatura.you2.pl\/wp-content\/uploads\/2026\/01\/dried-lily-leaf-textured-background-design-1024x683.jpg)\"><\/div><span aria-hidden=\"true\" class=\"wp-block-cover__background has-background-dim-0 has-background-dim\" style=\"background-color:#e1dcd6\"><\/span><div class=\"wp-block-cover__inner-container is-layout-flow wp-block-cover-is-layout-flow\">\n<div class=\"wp-block-columns alignwide are-vertically-aligned-center is-layout-flex wp-container-core-columns-is-layout-f4cfb963 wp-block-columns-is-layout-flex\" style=\"padding-right:var(--wp--preset--spacing--50);padding-left:var(--wp--preset--spacing--50)\">\n<div class=\"wp-block-column is-vertically-aligned-center is-layout-flow wp-block-column-is-layout-flow\">\n<div class=\"wp-block-cover is-light\"><span aria-hidden=\"true\" class=\"wp-block-cover__background has-custom-color-7-background-color has-background-dim-90 has-background-dim\"><\/span><div class=\"wp-block-cover__inner-container has-global-padding is-layout-constrained wp-block-cover-is-layout-constrained\">\n<p class=\"has-text-align-center has-text-color has-link-color has-geom-font-family wp-elements-160fbdcb45fd7067574fcd88b343f0f2\" style=\"border-style:none;border-width:0px;color:#478162;padding-top:0;padding-right:0;padding-bottom:0;padding-left:0;font-size:clamp(1.039rem, 1.039rem + ((1vw - 0.2rem) * 0.935), 1.6rem);font-style:normal;font-weight:900\">Dzi\u015b GRAMNATURA to miejsce, gdzie tradycyjne rzemios\u0142o \u0142\u0105czy si\u0119 z nowoczesnym designem. <\/p>\n\n\n\n<p class=\"has-text-align-center has-custom-color-4-color has-text-color has-link-color has-geom-font-family wp-elements-a08fd1f2736cacbcca476f4242644f68\">Nasze do\u015bwiadczenie przekuwamy w detale, kt\u00f3re Wasi go\u015bcie poczuj\u0105 pod palcami, gdy tylko otworz\u0105 kopert\u0119.<\/p>\n<\/div><\/div>\n<\/div>\n<\/div>\n<\/div><\/div>\n","protected":false},"excerpt":{"rendered":"<p>Z mi\u0142o\u015bci do rzemios\u0142a i szelestu papieru \u201eCzy zaproszenie mo\u017ce by\u0107 czym\u015b wi\u0119cej ni\u017c tylko kartk\u0105 z informacj\u0105?\u201d Szukaj\u0105c odpowiedzi, odkryli\u015bmy \u015bwiat tradycyjnego papiernictwa, w kt\u00f3rym czas p\u0142ynie wolniej, a ka\u017cdy arkusz ma swoj\u0105 dusz\u0119. Tak narodzi\u0142a si\u0119 GRAMNATURA. Dlaczego papier czerpany? Przez lata pracy z papierem zrozumieli\u015bmy, \u017ce luksus tkwi w niedoskona\u0142o\u015bci i unikalno\u015bci. [&hellip;]<\/p>\n","protected":false},"author":1,"featured_media":0,"parent":0,"menu_order":0,"comment_status":"closed","ping_status":"closed","template":"no-title","meta":{"footnotes":""},"class_list":["post-26","page","type-page","status-publish","hentry"],"aioseo_notices":[],"_links":{"self":[{"href":"https:\/\/gramnatura.you2.pl\/index.php\/wp-json\/wp\/v2\/pages\/26","targetHints":{"allow":["GET"]}}],"collection":[{"href":"https:\/\/gramnatura.you2.pl\/index.php\/wp-json\/wp\/v2\/pages"}],"about":[{"href":"https:\/\/gramnatura.you2.pl\/index.php\/wp-json\/wp\/v2\/types\/page"}],"author":[{"embeddable":true,"href":"https:\/\/gramnatura.you2.pl\/index.php\/wp-json\/wp\/v2\/users\/1"}],"replies":[{"embeddable":true,"href":"https:\/\/gramnatura.you2.pl\/index.php\/wp-json\/wp\/v2\/comments?post=26"}],"version-history":[{"count":91,"href":"https:\/\/gramnatura.you2.pl\/index.php\/wp-json\/wp\/v2\/pages\/26\/revisions"}],"predecessor-version":[{"id":428,"href":"https:\/\/gramnatura.you2.pl\/index.php\/wp-json\/wp\/v2\/pages\/26\/revisions\/428"}],"wp:attachment":[{"href":"https:\/\/gramnatura.you2.pl\/index.php\/wp-json\/wp\/v2\/media?parent=26"}],"curies":[{"name":"wp","href":"https:\/\/api.w.org\/{rel}","templated":true}]}}