{"id":15,"date":"2026-01-05T19:11:38","date_gmt":"2026-01-05T18:11:38","guid":{"rendered":"https:\/\/gramnatura.you2.pl\/?page_id=15"},"modified":"2026-01-15T22:48:30","modified_gmt":"2026-01-15T21:48:30","slug":"strona-glowna","status":"publish","type":"page","link":"https:\/\/gramnatura.you2.pl\/","title":{"rendered":"Strona g\u0142\u00f3wna"},"content":{"rendered":"\n<div class=\"wp-block-group alignfull has-background-background-color has-background has-global-padding is-layout-constrained wp-container-core-group-is-layout-871499b2 wp-block-group-is-layout-constrained\" style=\"margin-top:0;margin-bottom:0;padding-top:0;padding-right:0;padding-bottom:var(--wp--preset--spacing--60)\">\n<div class=\"wp-block-cover alignfull is-light has-parallax\" style=\"margin-top:0;min-height:492px;aspect-ratio:unset;\"><div class=\"wp-block-cover__image-background wp-image-40 size-large has-parallax\" style=\"background-position:50% 50%;background-image:url(https:\/\/gramnatura.you2.pl\/wp-content\/uploads\/2026\/01\/dried-lily-leaf-textured-background-design-1024x683.jpg)\"><\/div><span aria-hidden=\"true\" class=\"wp-block-cover__background has-black-background-color has-background-dim-0 has-background-dim\"><\/span><div class=\"wp-block-cover__inner-container is-layout-flow wp-block-cover-is-layout-flow\">\n<div class=\"wp-block-group is-vertical is-content-justification-center is-layout-flex wp-container-core-group-is-layout-62ec788c wp-block-group-is-layout-flex\" style=\"padding-top:var(--wp--preset--spacing--40);padding-bottom:var(--wp--preset--spacing--40)\">\n<h2 class=\"wp-block-heading has-text-align-center has-custom-color-4-color has-text-color has-link-color has-noto-serif-display-font-family has-xx-large-font-size wp-elements-c5023088ced512864835fceba9166de4\" style=\"font-style:normal;font-weight:900\">GRAMNATURA<\/h2>\n\n\n\n<p class=\"has-custom-color-4-color has-text-color has-link-color has-geom-font-family wp-elements-8a60db49a4a3fd03af1da6bc2b7f00d5\"><strong><em>Manufaktura papieru i zaprosze\u0144 \u015blubnych.<\/em><\/strong><\/p>\n<\/div>\n<\/div><\/div>\n\n\n\n<div class=\"wp-block-group alignfull has-custom-color-8-background-color has-background has-global-padding is-layout-constrained wp-container-core-group-is-layout-fb85e995 wp-block-group-is-layout-constrained\" style=\"margin-top:0;margin-bottom:0;padding-top:var(--wp--preset--spacing--60);padding-right:var(--wp--preset--spacing--30);padding-bottom:var(--wp--preset--spacing--60);padding-left:var(--wp--preset--spacing--30)\">\n<div class=\"wp-block-columns alignwide is-layout-flex wp-container-core-columns-is-layout-28f84493 wp-block-columns-is-layout-flex\">\n<div class=\"wp-block-column is-vertically-aligned-stretch is-layout-flow wp-block-column-is-layout-flow\" style=\"flex-basis:40%\">\n<div class=\"wp-block-cover is-light\" style=\"padding-top:var(--wp--preset--spacing--30);padding-right:var(--wp--preset--spacing--30);padding-bottom:var(--wp--preset--spacing--30);padding-left:var(--wp--preset--spacing--30);min-height:100%;aspect-ratio:unset;\"><span aria-hidden=\"true\" class=\"wp-block-cover__background has-custom-color-1-background-color has-background-dim-60 has-background-dim\"><\/span><div class=\"wp-block-cover__inner-container has-global-padding is-layout-constrained wp-container-core-cover-is-layout-80fb368b wp-block-cover-is-layout-constrained\">\n<div class=\"wp-block-group has-global-padding is-layout-constrained wp-block-group-is-layout-constrained\">\n<h1 class=\"wp-block-heading has-text-align-center has-custom-color-11-color has-text-color has-link-color has-noto-serif-display-font-family has-x-large-font-size wp-elements-f1cd952398981b6144c7cce2e849853b\" style=\"margin-top:0;margin-bottom:1rem;font-style:normal;font-weight:700\">Wasza historia zapisana na papierze z dusz\u0105.<\/h1>\n\n\n\n<p class=\"has-text-align-center has-custom-color-4-color has-text-color has-link-color has-geom-font-family wp-elements-07c5fcbab0b6c6e771a0b925607fe651\" style=\"margin-top:0;margin-bottom:0\">Prawdziwa mi\u0142o\u015b\u0107 zas\u0142uguje na opraw\u0119, kt\u00f3ra przetrwa pr\u00f3b\u0119 czasu. W naszej pracowni tworzymy <strong>r\u0119cznie czerpany papier<\/strong>, \u0142\u0105cz\u0105c wielowiekow\u0105 tradycj\u0119 z Wasz\u0105 wyj\u0105tkow\u0105 wizj\u0105. Ka\u017cdy arkusz to osobna historia \u2013 z nieregularnymi brzegami, unikaln\u0105 faktur\u0105 i szlachetnym dotykiem, kt\u00f3rego nie zast\u0105pi \u017caden seryjny wydruk.<\/p>\n<\/div>\n<\/div><\/div>\n<\/div>\n\n\n\n<div class=\"wp-block-column is-vertically-aligned-stretch is-layout-flow wp-block-column-is-layout-flow\">\n<div class=\"wp-block-cover is-light\" style=\"min-height:100%;aspect-ratio:unset;\"><img loading=\"lazy\" decoding=\"async\" width=\"816\" height=\"1024\" class=\"wp-block-cover__image-background wp-image-31 size-large\" alt=\"\" src=\"http:\/\/gramnatura.you2.pl\/wp-content\/uploads\/2026\/01\/envelopes-plants-arrangement-816x1024.jpg\" data-object-fit=\"cover\" srcset=\"https:\/\/gramnatura.you2.pl\/wp-content\/uploads\/2026\/01\/envelopes-plants-arrangement-816x1024.jpg 816w, https:\/\/gramnatura.you2.pl\/wp-content\/uploads\/2026\/01\/envelopes-plants-arrangement-239x300.jpg 239w, https:\/\/gramnatura.you2.pl\/wp-content\/uploads\/2026\/01\/envelopes-plants-arrangement-768x963.jpg 768w, https:\/\/gramnatura.you2.pl\/wp-content\/uploads\/2026\/01\/envelopes-plants-arrangement-1225x1536.jpg 1225w, https:\/\/gramnatura.you2.pl\/wp-content\/uploads\/2026\/01\/envelopes-plants-arrangement-1633x2048.jpg 1633w, https:\/\/gramnatura.you2.pl\/wp-content\/uploads\/2026\/01\/envelopes-plants-arrangement-scaled.jpg 2041w\" sizes=\"auto, (max-width: 816px) 100vw, 816px\" \/><span aria-hidden=\"true\" class=\"wp-block-cover__background has-background-dim-0 has-background-dim\" style=\"background-color:#cac7c5\"><\/span><div class=\"wp-block-cover__inner-container has-global-padding is-layout-constrained wp-block-cover-is-layout-constrained\">\n<div style=\"height:280px\" aria-hidden=\"true\" class=\"wp-block-spacer\"><\/div>\n<\/div><\/div>\n<\/div>\n\n\n\n<div class=\"wp-block-column is-vertically-aligned-stretch is-layout-flow wp-block-column-is-layout-flow\">\n<figure class=\"wp-block-image size-large\"><img loading=\"lazy\" decoding=\"async\" width=\"1024\" height=\"683\" src=\"http:\/\/gramnatura.you2.pl\/wp-content\/uploads\/2026\/01\/Gemini_Generated_Image_dy7xuxdy7xuxdy7x-1024x683.png\" alt=\"\" class=\"wp-image-33\" style=\"aspect-ratio:3\/2;object-fit:cover\" srcset=\"https:\/\/gramnatura.you2.pl\/wp-content\/uploads\/2026\/01\/Gemini_Generated_Image_dy7xuxdy7xuxdy7x-1024x683.png 1024w, https:\/\/gramnatura.you2.pl\/wp-content\/uploads\/2026\/01\/Gemini_Generated_Image_dy7xuxdy7xuxdy7x-300x200.png 300w, https:\/\/gramnatura.you2.pl\/wp-content\/uploads\/2026\/01\/Gemini_Generated_Image_dy7xuxdy7xuxdy7x-768x512.png 768w, https:\/\/gramnatura.you2.pl\/wp-content\/uploads\/2026\/01\/Gemini_Generated_Image_dy7xuxdy7xuxdy7x.png 1248w\" sizes=\"auto, (max-width: 1024px) 100vw, 1024px\" \/><\/figure>\n\n\n\n<figure class=\"wp-block-image size-large\"><img loading=\"lazy\" decoding=\"async\" width=\"1024\" height=\"683\" src=\"http:\/\/gramnatura.you2.pl\/wp-content\/uploads\/2026\/01\/Gemini_Generated_Image_vh7blsvh7blsvh7b-1024x683.png\" alt=\"\" class=\"wp-image-35\" style=\"aspect-ratio:3\/2;object-fit:cover\" srcset=\"https:\/\/gramnatura.you2.pl\/wp-content\/uploads\/2026\/01\/Gemini_Generated_Image_vh7blsvh7blsvh7b-1024x683.png 1024w, https:\/\/gramnatura.you2.pl\/wp-content\/uploads\/2026\/01\/Gemini_Generated_Image_vh7blsvh7blsvh7b-300x200.png 300w, https:\/\/gramnatura.you2.pl\/wp-content\/uploads\/2026\/01\/Gemini_Generated_Image_vh7blsvh7blsvh7b-768x512.png 768w, https:\/\/gramnatura.you2.pl\/wp-content\/uploads\/2026\/01\/Gemini_Generated_Image_vh7blsvh7blsvh7b.png 1248w\" sizes=\"auto, (max-width: 1024px) 100vw, 1024px\" \/><\/figure>\n<\/div>\n<\/div>\n<\/div>\n\n\n\n<div class=\"wp-block-group alignfull has-custom-color-1-background-color has-background has-global-padding is-layout-constrained wp-container-core-group-is-layout-fb85e995 wp-block-group-is-layout-constrained\" style=\"margin-top:0;margin-bottom:0;padding-top:var(--wp--preset--spacing--60);padding-right:var(--wp--preset--spacing--30);padding-bottom:var(--wp--preset--spacing--60);padding-left:var(--wp--preset--spacing--30)\">\n<div class=\"wp-block-columns alignwide is-layout-flex wp-container-core-columns-is-layout-28f84493 wp-block-columns-is-layout-flex\">\n<div class=\"wp-block-column is-vertically-aligned-stretch is-layout-flow wp-block-column-is-layout-flow\" style=\"flex-basis:50%\">\n<div class=\"wp-block-group has-global-padding is-layout-constrained wp-block-group-is-layout-constrained\">\n<p class=\"has-text-align-right has-custom-color-4-color has-text-color has-link-color has-geom-font-family has-medium-font-size wp-elements-c0ea562996cbad3c3548e6e30f516d61\" style=\"margin-top:0;margin-bottom:0\">Wierzymy, \u017ce zaproszenie to co\u015b wi\u0119cej ni\u017c informacja o dacie i miejscu \u2013 to pierwszy akord Waszej wsp\u00f3lnej uroczysto\u015bci i obietnica pi\u0119knych chwil. Nasza pracownia powsta\u0142a z mi\u0142o\u015bci do tradycyjnego rzemios\u0142a i szlachetnych tekstur. Tworzymy dla par, kt\u00f3re szukaj\u0105 autentyczno\u015bci i chc\u0105 obdarowa\u0107 bliskich czym\u015b unikatowym. Ka\u017cdy arkusz naszego <strong>papieru czerpanego<\/strong> powstaje r\u0119cznie, dzi\u0119ki czemu posiada niepowtarzalne, postrz\u0119pione brzegi i dusz\u0119, kt\u00f3rej nie znajdziesz w masowej produkcji.<\/p>\n\n\n\n<p class=\"has-text-align-right has-custom-color-4-color has-text-color has-link-color has-geom-font-family has-medium-font-size wp-elements-918aaeea81b17048230113e578f8fcf6\">\u0141\u0105czymy surowo\u015b\u0107 natury z minimalistycznym designem i dba\u0142o\u015bci\u0105 o ka\u017cdy detal \u2013 od doboru font\u00f3w po r\u0119czne z\u0142ocenia czy laki. Zapraszamy do \u015bwiata papeterii, kt\u00f3ra pobudza zmys\u0142y i zostaje w pami\u0119ci na lata.<\/p>\n<\/div>\n<\/div>\n\n\n\n<div class=\"wp-block-column is-vertically-aligned-stretch is-layout-flow wp-block-column-is-layout-flow\" style=\"flex-basis:50%\">\n<div class=\"wp-block-cover is-light\" style=\"padding-top:var(--wp--preset--spacing--30);padding-right:var(--wp--preset--spacing--30);padding-bottom:var(--wp--preset--spacing--30);padding-left:var(--wp--preset--spacing--30);min-height:100%;aspect-ratio:unset;\"><span aria-hidden=\"true\" class=\"wp-block-cover__background has-background-dim-60 has-background-dim\" style=\"background-color:#b2a089\"><\/span><div class=\"wp-block-cover__inner-container has-global-padding is-layout-constrained wp-container-core-cover-is-layout-80fb368b wp-block-cover-is-layout-constrained\">\n<div class=\"wp-block-group has-global-padding is-layout-constrained wp-block-group-is-layout-constrained\">\n<h1 class=\"wp-block-heading has-text-align-center has-custom-color-4-color has-text-color has-link-color has-noto-serif-display-font-family has-x-large-font-size wp-elements-dd2729c7cf6a7793f867a65e237d749a\" style=\"margin-top:0;margin-bottom:1rem;font-style:normal;font-weight:900\">Pierwszy rozdzia\u0142 Waszej historii zapisany na wyj\u0105tkowym papierze.<\/h1>\n\n\n\n<div style=\"height:10px\" aria-hidden=\"true\" class=\"wp-block-spacer\"><\/div>\n\n\n\n<p class=\"has-text-align-center has-custom-color-4-color has-text-color has-link-color has-geom-font-family wp-elements-5bffc347318df0528fdaa64b8861a3a7\" style=\"margin-top:0;margin-bottom:0\">Naturalne materia\u0142y, postrz\u0119pione brzegi i klasyczne techniki rzemie\u015blnicze. Tworzymy <strong>zaproszenia<\/strong>, kt\u00f3re zachwycaj\u0105 surowym pi\u0119knem i autentyczno\u015bci\u0105.<\/p>\n<\/div>\n<\/div><\/div>\n<\/div>\n<\/div>\n<\/div>\n\n\n\n<div class=\"wp-block-cover alignfull is-light has-parallax\" style=\"margin-top:0;min-height:492px;aspect-ratio:unset;\"><div class=\"wp-block-cover__image-background wp-image-40 size-large has-parallax\" style=\"background-position:50% 50%;background-image:url(https:\/\/gramnatura.you2.pl\/wp-content\/uploads\/2026\/01\/dried-lily-leaf-textured-background-design-1024x683.jpg)\"><\/div><span aria-hidden=\"true\" class=\"wp-block-cover__background has-black-background-color has-background-dim-0 has-background-dim\"><\/span><div class=\"wp-block-cover__inner-container is-layout-flow wp-block-cover-is-layout-flow\">\n<div style=\"height:10px\" aria-hidden=\"true\" class=\"wp-block-spacer\"><\/div>\n\n\n\n<h2 class=\"wp-block-heading has-text-align-center has-custom-color-4-color has-text-color has-link-color has-geom-font-family wp-elements-ef2811985875821c67d7a2ed912b6395\">Przedstawiamy kilka Naszych prac.<\/h2>\n\n\n\n<div style=\"height:18px\" aria-hidden=\"true\" class=\"wp-block-spacer\"><\/div>\n\n\n\n<div class=\"wp-block-group alignfull has-global-padding is-layout-constrained wp-container-core-group-is-layout-6a1386d3 wp-block-group-is-layout-constrained\" style=\"border-top-width:1px;margin-top:0;margin-bottom:0;padding-top:var(--wp--preset--spacing--60);padding-right:0;padding-bottom:var(--wp--preset--spacing--60);padding-left:0\">\n<figure class=\"wp-block-gallery alignwide has-nested-images columns-4 is-cropped wp-block-gallery-1 is-layout-flex wp-block-gallery-is-layout-flex\" style=\"padding-right:var(--wp--preset--spacing--40);padding-left:var(--wp--preset--spacing--40)\">\n<figure class=\"wp-block-image size-large\"><img loading=\"lazy\" decoding=\"async\" width=\"747\" height=\"1024\" data-id=\"264\" src=\"http:\/\/gramnatura.you2.pl\/wp-content\/uploads\/2026\/01\/Gemini_Generated_Image_aazm89aazm89aazm-747x1024.png\" alt=\"\" class=\"wp-image-264\" srcset=\"https:\/\/gramnatura.you2.pl\/wp-content\/uploads\/2026\/01\/Gemini_Generated_Image_aazm89aazm89aazm-747x1024.png 747w, https:\/\/gramnatura.you2.pl\/wp-content\/uploads\/2026\/01\/Gemini_Generated_Image_aazm89aazm89aazm-219x300.png 219w, https:\/\/gramnatura.you2.pl\/wp-content\/uploads\/2026\/01\/Gemini_Generated_Image_aazm89aazm89aazm-768x1052.png 768w, https:\/\/gramnatura.you2.pl\/wp-content\/uploads\/2026\/01\/Gemini_Generated_Image_aazm89aazm89aazm.png 864w\" sizes=\"auto, (max-width: 747px) 100vw, 747px\" \/><\/figure>\n\n\n\n<figure class=\"wp-block-image size-large\"><img loading=\"lazy\" decoding=\"async\" width=\"683\" height=\"1024\" data-id=\"249\" src=\"http:\/\/gramnatura.you2.pl\/wp-content\/uploads\/2026\/01\/Gemini_Generated_Image_sifyv7sifyv7sify-683x1024.png\" alt=\"\" class=\"wp-image-249\" srcset=\"https:\/\/gramnatura.you2.pl\/wp-content\/uploads\/2026\/01\/Gemini_Generated_Image_sifyv7sifyv7sify-683x1024.png 683w, https:\/\/gramnatura.you2.pl\/wp-content\/uploads\/2026\/01\/Gemini_Generated_Image_sifyv7sifyv7sify-200x300.png 200w, https:\/\/gramnatura.you2.pl\/wp-content\/uploads\/2026\/01\/Gemini_Generated_Image_sifyv7sifyv7sify-768x1152.png 768w, https:\/\/gramnatura.you2.pl\/wp-content\/uploads\/2026\/01\/Gemini_Generated_Image_sifyv7sifyv7sify.png 832w\" sizes=\"auto, (max-width: 683px) 100vw, 683px\" \/><\/figure>\n\n\n\n<figure class=\"wp-block-image size-large\"><img loading=\"lazy\" decoding=\"async\" width=\"848\" height=\"1024\" data-id=\"250\" src=\"http:\/\/gramnatura.you2.pl\/wp-content\/uploads\/2026\/01\/Gemini_Generated_Image_ub5jz4ub5jz4ub5j-848x1024.png\" alt=\"\" class=\"wp-image-250\" srcset=\"https:\/\/gramnatura.you2.pl\/wp-content\/uploads\/2026\/01\/Gemini_Generated_Image_ub5jz4ub5jz4ub5j-848x1024.png 848w, https:\/\/gramnatura.you2.pl\/wp-content\/uploads\/2026\/01\/Gemini_Generated_Image_ub5jz4ub5jz4ub5j-249x300.png 249w, https:\/\/gramnatura.you2.pl\/wp-content\/uploads\/2026\/01\/Gemini_Generated_Image_ub5jz4ub5jz4ub5j-768x927.png 768w, https:\/\/gramnatura.you2.pl\/wp-content\/uploads\/2026\/01\/Gemini_Generated_Image_ub5jz4ub5jz4ub5j.png 928w\" sizes=\"auto, (max-width: 848px) 100vw, 848px\" \/><\/figure>\n\n\n\n<figure class=\"wp-block-image size-large\"><img loading=\"lazy\" decoding=\"async\" width=\"1024\" height=\"1024\" data-id=\"261\" src=\"http:\/\/gramnatura.you2.pl\/wp-content\/uploads\/2026\/01\/gypsophila-greeting-card-tied-with-strings-white-backdrop-1024x1024.jpg\" alt=\"\" class=\"wp-image-261\" srcset=\"https:\/\/gramnatura.you2.pl\/wp-content\/uploads\/2026\/01\/gypsophila-greeting-card-tied-with-strings-white-backdrop-1024x1024.jpg 1024w, https:\/\/gramnatura.you2.pl\/wp-content\/uploads\/2026\/01\/gypsophila-greeting-card-tied-with-strings-white-backdrop-300x300.jpg 300w, https:\/\/gramnatura.you2.pl\/wp-content\/uploads\/2026\/01\/gypsophila-greeting-card-tied-with-strings-white-backdrop-150x150.jpg 150w, https:\/\/gramnatura.you2.pl\/wp-content\/uploads\/2026\/01\/gypsophila-greeting-card-tied-with-strings-white-backdrop-768x768.jpg 768w, https:\/\/gramnatura.you2.pl\/wp-content\/uploads\/2026\/01\/gypsophila-greeting-card-tied-with-strings-white-backdrop-1536x1536.jpg 1536w, https:\/\/gramnatura.you2.pl\/wp-content\/uploads\/2026\/01\/gypsophila-greeting-card-tied-with-strings-white-backdrop-2048x2048.jpg 2048w\" sizes=\"auto, (max-width: 1024px) 100vw, 1024px\" \/><\/figure>\n\n\n\n<figure class=\"wp-block-image size-large\"><img loading=\"lazy\" decoding=\"async\" width=\"690\" height=\"1024\" data-id=\"260\" src=\"http:\/\/gramnatura.you2.pl\/wp-content\/uploads\/2026\/01\/still-life-vintage-writing-love-letter-690x1024.jpg\" alt=\"\" class=\"wp-image-260\" srcset=\"https:\/\/gramnatura.you2.pl\/wp-content\/uploads\/2026\/01\/still-life-vintage-writing-love-letter-690x1024.jpg 690w, https:\/\/gramnatura.you2.pl\/wp-content\/uploads\/2026\/01\/still-life-vintage-writing-love-letter-202x300.jpg 202w, https:\/\/gramnatura.you2.pl\/wp-content\/uploads\/2026\/01\/still-life-vintage-writing-love-letter-768x1141.jpg 768w, https:\/\/gramnatura.you2.pl\/wp-content\/uploads\/2026\/01\/still-life-vintage-writing-love-letter-1034x1536.jpg 1034w, https:\/\/gramnatura.you2.pl\/wp-content\/uploads\/2026\/01\/still-life-vintage-writing-love-letter-1379x2048.jpg 1379w, https:\/\/gramnatura.you2.pl\/wp-content\/uploads\/2026\/01\/still-life-vintage-writing-love-letter-scaled.jpg 1724w\" sizes=\"auto, (max-width: 690px) 100vw, 690px\" \/><\/figure>\n\n\n\n<figure class=\"wp-block-image size-large\"><img loading=\"lazy\" decoding=\"async\" width=\"747\" height=\"1024\" data-id=\"248\" src=\"http:\/\/gramnatura.you2.pl\/wp-content\/uploads\/2026\/01\/Gemini_Generated_Image_c8fqrpc8fqrpc8fq-747x1024.png\" alt=\"\" class=\"wp-image-248\" srcset=\"https:\/\/gramnatura.you2.pl\/wp-content\/uploads\/2026\/01\/Gemini_Generated_Image_c8fqrpc8fqrpc8fq-747x1024.png 747w, https:\/\/gramnatura.you2.pl\/wp-content\/uploads\/2026\/01\/Gemini_Generated_Image_c8fqrpc8fqrpc8fq-219x300.png 219w, https:\/\/gramnatura.you2.pl\/wp-content\/uploads\/2026\/01\/Gemini_Generated_Image_c8fqrpc8fqrpc8fq-768x1052.png 768w, https:\/\/gramnatura.you2.pl\/wp-content\/uploads\/2026\/01\/Gemini_Generated_Image_c8fqrpc8fqrpc8fq.png 864w\" sizes=\"auto, (max-width: 747px) 100vw, 747px\" \/><\/figure>\n\n\n\n<figure class=\"wp-block-image size-large\"><img loading=\"lazy\" decoding=\"async\" width=\"747\" height=\"1024\" data-id=\"262\" src=\"http:\/\/gramnatura.you2.pl\/wp-content\/uploads\/2026\/01\/Gemini_Generated_Image_pc7hgnpc7hgnpc7h-747x1024.png\" alt=\"\" class=\"wp-image-262\" srcset=\"https:\/\/gramnatura.you2.pl\/wp-content\/uploads\/2026\/01\/Gemini_Generated_Image_pc7hgnpc7hgnpc7h-747x1024.png 747w, https:\/\/gramnatura.you2.pl\/wp-content\/uploads\/2026\/01\/Gemini_Generated_Image_pc7hgnpc7hgnpc7h-219x300.png 219w, https:\/\/gramnatura.you2.pl\/wp-content\/uploads\/2026\/01\/Gemini_Generated_Image_pc7hgnpc7hgnpc7h-768x1052.png 768w, https:\/\/gramnatura.you2.pl\/wp-content\/uploads\/2026\/01\/Gemini_Generated_Image_pc7hgnpc7hgnpc7h.png 864w\" sizes=\"auto, (max-width: 747px) 100vw, 747px\" \/><\/figure>\n\n\n\n<figure class=\"wp-block-image size-large\"><img loading=\"lazy\" decoding=\"async\" width=\"747\" height=\"1024\" data-id=\"263\" src=\"http:\/\/gramnatura.you2.pl\/wp-content\/uploads\/2026\/01\/Gemini_Generated_Image_wu7x3dwu7x3dwu7x-747x1024.png\" alt=\"\" class=\"wp-image-263\" srcset=\"https:\/\/gramnatura.you2.pl\/wp-content\/uploads\/2026\/01\/Gemini_Generated_Image_wu7x3dwu7x3dwu7x-747x1024.png 747w, https:\/\/gramnatura.you2.pl\/wp-content\/uploads\/2026\/01\/Gemini_Generated_Image_wu7x3dwu7x3dwu7x-219x300.png 219w, https:\/\/gramnatura.you2.pl\/wp-content\/uploads\/2026\/01\/Gemini_Generated_Image_wu7x3dwu7x3dwu7x-768x1052.png 768w, https:\/\/gramnatura.you2.pl\/wp-content\/uploads\/2026\/01\/Gemini_Generated_Image_wu7x3dwu7x3dwu7x.png 864w\" sizes=\"auto, (max-width: 747px) 100vw, 747px\" \/><\/figure>\n<\/figure>\n<\/div>\n<\/div><\/div>\n<\/div>\n","protected":false},"excerpt":{"rendered":"<p>Wierzymy, \u017ce zaproszenie to co\u015b wi\u0119cej ni\u017c informacja o dacie i miejscu \u2013 to pierwszy akord Waszej wsp\u00f3lnej uroczysto\u015bci i obietnica pi\u0119knych chwil. Nasza pracownia powsta\u0142a z mi\u0142o\u015bci do tradycyjnego rzemios\u0142a i szlachetnych tekstur. Tworzymy dla par, kt\u00f3re szukaj\u0105 autentyczno\u015bci i chc\u0105 obdarowa\u0107 bliskich czym\u015b unikatowym. Ka\u017cdy arkusz naszego papieru czerpanego powstaje r\u0119cznie, dzi\u0119ki czemu [&hellip;]<\/p>\n","protected":false},"author":1,"featured_media":0,"parent":0,"menu_order":0,"comment_status":"closed","ping_status":"closed","template":"no-title","meta":{"footnotes":""},"class_list":["post-15","page","type-page","status-publish","hentry"],"aioseo_notices":[],"_links":{"self":[{"href":"https:\/\/gramnatura.you2.pl\/index.php\/wp-json\/wp\/v2\/pages\/15","targetHints":{"allow":["GET"]}}],"collection":[{"href":"https:\/\/gramnatura.you2.pl\/index.php\/wp-json\/wp\/v2\/pages"}],"about":[{"href":"https:\/\/gramnatura.you2.pl\/index.php\/wp-json\/wp\/v2\/types\/page"}],"author":[{"embeddable":true,"href":"https:\/\/gramnatura.you2.pl\/index.php\/wp-json\/wp\/v2\/users\/1"}],"replies":[{"embeddable":true,"href":"https:\/\/gramnatura.you2.pl\/index.php\/wp-json\/wp\/v2\/comments?post=15"}],"version-history":[{"count":71,"href":"https:\/\/gramnatura.you2.pl\/index.php\/wp-json\/wp\/v2\/pages\/15\/revisions"}],"predecessor-version":[{"id":529,"href":"https:\/\/gramnatura.you2.pl\/index.php\/wp-json\/wp\/v2\/pages\/15\/revisions\/529"}],"wp:attachment":[{"href":"https:\/\/gramnatura.you2.pl\/index.php\/wp-json\/wp\/v2\/media?parent=15"}],"curies":[{"name":"wp","href":"https:\/\/api.w.org\/{rel}","templated":true}]}}