{"id":13,"date":"2026-01-05T19:11:27","date_gmt":"2026-01-05T18:11:27","guid":{"rendered":"https:\/\/gramnatura.you2.pl\/?page_id=13"},"modified":"2026-01-15T20:17:24","modified_gmt":"2026-01-15T19:17:24","slug":"kontakt","status":"publish","type":"page","link":"https:\/\/gramnatura.you2.pl\/index.php\/kontakt\/","title":{"rendered":"Kontakt"},"content":{"rendered":"\n<div class=\"wp-block-cover alignfull is-light has-parallax\" style=\"margin-top:0;min-height:416px;aspect-ratio:unset;\"><div class=\"wp-block-cover__image-background wp-image-40 size-large has-parallax\" style=\"background-position:50% 50%;background-image:url(http:\/\/gramnatura.you2.pl\/wp-content\/uploads\/2026\/01\/dried-lily-leaf-textured-background-design-1024x683.jpg)\"><\/div><span aria-hidden=\"true\" class=\"wp-block-cover__background has-background-dim-0 has-background-dim\" style=\"background-color:#e1dcd6\"><\/span><div class=\"wp-block-cover__inner-container is-layout-flow wp-block-cover-is-layout-flow\">\n<div style=\"height:63px\" aria-hidden=\"true\" class=\"wp-block-spacer\"><\/div>\n\n\n\n<div class=\"wp-block-group is-vertical is-content-justification-center is-layout-flex wp-container-core-group-is-layout-62ec788c wp-block-group-is-layout-flex\" style=\"padding-top:var(--wp--preset--spacing--40);padding-bottom:var(--wp--preset--spacing--40)\">\n<h2 class=\"wp-block-heading has-custom-color-4-color has-text-color has-link-color has-noto-serif-display-font-family has-xx-large-font-size wp-elements-6d0eb1b035e8cd1ad09c9b01cb514854\" style=\"font-style:normal;font-weight:900\">KONTAKT<\/h2>\n\n\n\n<p class=\"has-custom-color-4-color has-text-color has-link-color has-geom-font-family wp-elements-68fe80a8a2be44af081cbeb18fdba540\"><strong><em>GRAMNATURA &#8211; Manufaktura papieru i zaprosze\u0144 \u015blubnych.<\/em><\/strong><\/p>\n<\/div>\n\n\n\n<div style=\"height:87px\" aria-hidden=\"true\" class=\"wp-block-spacer\"><\/div>\n\n\n\n<div class=\"wp-block-columns alignwide is-layout-flex wp-container-core-columns-is-layout-28f84493 wp-block-columns-is-layout-flex\">\n<div class=\"wp-block-column is-vertically-aligned-stretch is-layout-flow wp-block-column-is-layout-flow\" style=\"flex-basis:50%\">\n<div class=\"wp-block-cover is-light\" style=\"padding-top:var(--wp--preset--spacing--60);padding-right:var(--wp--preset--spacing--30);padding-bottom:var(--wp--preset--spacing--60);padding-left:var(--wp--preset--spacing--30);min-height:100%;aspect-ratio:unset;\"><span aria-hidden=\"true\" class=\"wp-block-cover__background has-custom-color-9-background-color has-background-dim-60 has-background-dim\"><\/span><div class=\"wp-block-cover__inner-container has-global-padding is-layout-constrained wp-container-core-cover-is-layout-c5292bcf wp-block-cover-is-layout-constrained\">\n<div class=\"wp-block-group alignwide has-global-padding is-layout-constrained wp-block-group-is-layout-constrained\">\n<h2 class=\"wp-block-heading alignwide has-text-align-center has-custom-color-4-color has-text-color has-link-color has-noto-serif-display-font-family wp-elements-ec46afa1ea79345c6424bee4b679bfdd\" style=\"font-style:normal;font-weight:900\">Dane kontaktowe<\/h2>\n\n\n\n<div class=\"wp-block-group is-vertical is-content-justification-center is-layout-flex wp-container-core-group-is-layout-b6c1f246 wp-block-group-is-layout-flex\">\n<div class=\"wp-block-group is-content-justification-center is-nowrap is-layout-flex wp-container-core-group-is-layout-23441af8 wp-block-group-is-layout-flex\">\n<figure class=\"wp-block-image aligncenter size-full is-resized wp-duotone-rgb1179976-rgb1179976-1\"><img loading=\"lazy\" decoding=\"async\" width=\"385\" height=\"385\" src=\"http:\/\/gramnatura.you2.pl\/wp-content\/uploads\/2026\/01\/telefon.png\" alt=\"\" class=\"wp-image-92\" style=\"width:31px;height:auto\" srcset=\"https:\/\/gramnatura.you2.pl\/wp-content\/uploads\/2026\/01\/telefon.png 385w, https:\/\/gramnatura.you2.pl\/wp-content\/uploads\/2026\/01\/telefon-300x300.png 300w, https:\/\/gramnatura.you2.pl\/wp-content\/uploads\/2026\/01\/telefon-150x150.png 150w\" sizes=\"auto, (max-width: 385px) 100vw, 385px\" \/><\/figure>\n\n\n\n<p class=\"has-text-align-left has-custom-color-4-color has-text-color has-link-color has-geom-font-family wp-elements-d442eb467d03527a3bb2b7934b3cc316\"><a href=\"tel:+48123456789\" title=\"\">+48 123 456 789<\/a><\/p>\n<\/div>\n\n\n\n<div class=\"wp-block-group alignwide has-geom-font-family is-content-justification-center is-nowrap is-layout-flex wp-container-core-group-is-layout-23441af8 wp-block-group-is-layout-flex\">\n<figure class=\"wp-block-image aligncenter size-full is-resized wp-duotone-rgb1179976-rgb1179976-2\"><img loading=\"lazy\" decoding=\"async\" width=\"385\" height=\"385\" src=\"http:\/\/gramnatura.you2.pl\/wp-content\/uploads\/2026\/01\/email-1.png\" alt=\"\" class=\"wp-image-97\" style=\"width:31px;height:auto\" srcset=\"https:\/\/gramnatura.you2.pl\/wp-content\/uploads\/2026\/01\/email-1.png 385w, https:\/\/gramnatura.you2.pl\/wp-content\/uploads\/2026\/01\/email-1-300x300.png 300w, https:\/\/gramnatura.you2.pl\/wp-content\/uploads\/2026\/01\/email-1-150x150.png 150w\" sizes=\"auto, (max-width: 385px) 100vw, 385px\" \/><\/figure>\n\n\n\n<p class=\"has-text-align-left has-custom-color-4-color has-text-color has-link-color wp-elements-4004906e84e277695717220dbfb3ad0a\">gramnatura@you2.pl<\/p>\n<\/div>\n\n\n\n<div class=\"wp-block-group alignwide has-geom-font-family is-content-justification-center is-nowrap is-layout-flex wp-container-core-group-is-layout-23441af8 wp-block-group-is-layout-flex\">\n<figure class=\"wp-block-image aligncenter size-full is-resized wp-duotone-rgb1179976-rgb1179976-3\"><img loading=\"lazy\" decoding=\"async\" width=\"385\" height=\"385\" src=\"http:\/\/gramnatura.you2.pl\/wp-content\/uploads\/2026\/01\/lokalizacja.png\" alt=\"\" class=\"wp-image-93\" style=\"width:31px;height:auto\" srcset=\"https:\/\/gramnatura.you2.pl\/wp-content\/uploads\/2026\/01\/lokalizacja.png 385w, https:\/\/gramnatura.you2.pl\/wp-content\/uploads\/2026\/01\/lokalizacja-300x300.png 300w, https:\/\/gramnatura.you2.pl\/wp-content\/uploads\/2026\/01\/lokalizacja-150x150.png 150w\" sizes=\"auto, (max-width: 385px) 100vw, 385px\" \/><\/figure>\n\n\n\n<p class=\"has-text-align-left has-custom-color-4-color has-text-color has-link-color wp-elements-44c26bda82b82354be180488489b1acc\"><a href=\"https:\/\/maps.app.goo.gl\/wnNhcmi3xuRoxnDT6\" target=\"_blank\" rel=\"noopener\" title=\"\">ul. Willowa 2, 43-309 Bielsko-Bia\u0142a<\/a><\/p>\n<\/div>\n<\/div>\n<\/div>\n<\/div><\/div>\n<\/div>\n\n\n\n<div class=\"wp-block-column is-vertically-aligned-stretch is-layout-flow wp-block-column-is-layout-flow\" style=\"flex-basis:50%\">\n<div class=\"wp-block-cover is-light\" style=\"padding-top:var(--wp--preset--spacing--30);padding-right:var(--wp--preset--spacing--30);padding-bottom:var(--wp--preset--spacing--30);padding-left:var(--wp--preset--spacing--30);min-height:100%;aspect-ratio:unset;\"><span aria-hidden=\"true\" class=\"wp-block-cover__background has-custom-color-9-background-color has-background-dim-60 has-background-dim\"><\/span><div class=\"wp-block-cover__inner-container has-global-padding is-layout-constrained wp-container-core-cover-is-layout-80fb368b wp-block-cover-is-layout-constrained\">\n<div class=\"wp-block-group alignwide has-global-padding is-layout-constrained wp-block-group-is-layout-constrained\">\n<h2 class=\"wp-block-heading alignwide has-text-align-center has-custom-color-4-color has-text-color has-link-color has-noto-serif-display-font-family wp-elements-393aa5c87e502bddc2b2f19b52846fd9\" style=\"font-style:normal;font-weight:900\">Godziny otwarcia<\/h2>\n\n\n\n<div class=\"wp-block-group is-vertical is-content-justification-center is-layout-flex wp-container-core-group-is-layout-ce155fab wp-block-group-is-layout-flex\">\n<p class=\"has-text-align-left has-custom-color-4-color has-text-color has-link-color has-geom-font-family wp-elements-502e12922bb4a8344ec7a29ba7e9879b\">Poniedzia\u0142ek &#8211; Pi\u0105tek<\/p>\n\n\n\n<p class=\"has-text-align-left has-custom-color-4-color has-text-color has-link-color has-geom-font-family wp-elements-681bca739d08ef20beda47b4537cfa34\">9:00 &#8211; 17:00<\/p>\n<\/div>\n<\/div>\n<\/div><\/div>\n<\/div>\n<\/div>\n\n\n\n<div style=\"height:42px\" aria-hidden=\"true\" class=\"wp-block-spacer\"><\/div>\n\n\n\n<div class=\"wp-block-columns are-vertically-aligned-center is-layout-flex wp-container-core-columns-is-layout-c6a03c77 wp-block-columns-is-layout-flex\" style=\"padding-right:var(--wp--preset--spacing--80);padding-left:var(--wp--preset--spacing--80)\">\n<div class=\"wp-block-column is-vertically-aligned-center is-layout-flow wp-block-column-is-layout-flow\">\n<h2 class=\"wp-block-heading has-custom-color-4-color has-text-color has-link-color has-geom-font-family wp-elements-76d137624ec92b26bd5af5918d1aaceb\">Skontaktuj si\u0119 z nami!<\/h2>\n\n\n<style id=\"wpforms-css-vars-434-block-90b3479b-3aa3-4b83-b250-951775702e4d\">\n\t\t\t\t#wpforms-434.wpforms-block-90b3479b-3aa3-4b83-b250-951775702e4d {\n\t\t\t\t--wpforms-label-color: rgba(0, 0, 0, 0.85);\n--wpforms-label-sublabel-color: rgba(0, 0, 0, 0.55);\n--wpforms-field-border-color: rgba(0, 0, 0, 0.25);\n--wpforms-field-border-color-spare: rgba(0, 0, 0, 0.25);\n--wpforms-field-text-color: rgba(0, 0, 0, 0.7);\n--wpforms-button-background-color: #a19494;\n--wpforms-button-border-color: #f5e5d5;\n--wpforms-field-size-input-height: 43px;\n--wpforms-field-size-input-spacing: 15px;\n--wpforms-field-size-font-size: 16px;\n--wpforms-field-size-line-height: 19px;\n--wpforms-field-size-padding-h: 14px;\n--wpforms-field-size-checkbox-size: 16px;\n--wpforms-field-size-sublabel-spacing: 5px;\n--wpforms-field-size-icon-size: 1;\n--wpforms-label-size-font-size: 16px;\n--wpforms-label-size-line-height: 19px;\n--wpforms-label-size-sublabel-font-size: 14px;\n--wpforms-label-size-sublabel-line-height: 17px;\n--wpforms-button-size-font-size: 17px;\n--wpforms-button-size-height: 41px;\n--wpforms-button-size-padding-h: 15px;\n--wpforms-button-size-margin-top: 10px;\n\t\t\t}\n\t\t\t<\/style><div class=\"wpforms-container wpforms-container-full wpforms-block wpforms-block-90b3479b-3aa3-4b83-b250-951775702e4d wpforms-render-modern\" id=\"wpforms-434\"><form id=\"wpforms-form-434\" class=\"wpforms-validate wpforms-form wpforms-ajax-form\" data-formid=\"434\" method=\"post\" enctype=\"multipart\/form-data\" action=\"\/index.php\/wp-json\/wp\/v2\/pages\/13\" data-token=\"0514f86b822eff83fb7653ebb54d6223\" data-token-time=\"1778319334\"><noscript class=\"wpforms-error-noscript\">Aby wype\u0142ni\u0107 ten formularz, w\u0142\u0105cz obs\u0142ug\u0119 JavaScript w przegl\u0105darce.<\/noscript><div id=\"wpforms-error-noscript\" style=\"display: none;\">Aby wype\u0142ni\u0107 ten formularz, w\u0142\u0105cz obs\u0142ug\u0119 JavaScript w przegl\u0105darce.<\/div><div class=\"wpforms-field-container\"><div id=\"wpforms-434-field_1-container\" class=\"wpforms-field wpforms-field-name\" data-field-id=\"1\"><fieldset><legend class=\"wpforms-field-label wpforms-label-hide\" aria-hidden=\"false\">Imi\u0119 i nazwisko <span class=\"wpforms-required-label\" aria-hidden=\"true\">*<\/span><\/legend><div class=\"wpforms-field-row wpforms-field-medium\"><div class=\"wpforms-field-row-block wpforms-first wpforms-one-half\"><input type=\"text\" id=\"wpforms-434-field_1\" class=\"wpforms-field-name-first wpforms-field-required\" name=\"wpforms[fields][1][first]\" placeholder=\"Imi\u0119\" aria-errormessage=\"wpforms-434-field_1-error\" required><label for=\"wpforms-434-field_1\" class=\"wpforms-field-sublabel after wpforms-sublabel-hide\">Pierwszy<\/label><\/div><div class=\"wpforms-field-row-block wpforms-one-half\"><input type=\"text\" id=\"wpforms-434-field_1-last\" class=\"wpforms-field-name-last wpforms-field-required\" name=\"wpforms[fields][1][last]\" placeholder=\"Nazwisko\" aria-errormessage=\"wpforms-434-field_1-last-error\" required><label for=\"wpforms-434-field_1-last\" class=\"wpforms-field-sublabel after wpforms-sublabel-hide\">Ostatni<\/label><\/div><\/div><\/fieldset><\/div><div id=\"wpforms-434-field_2-container\" class=\"wpforms-field wpforms-field-email\" data-field-id=\"2\"><label class=\"wpforms-field-label wpforms-label-hide\" for=\"wpforms-434-field_2\" aria-hidden=\"false\">Adres e-mail <span class=\"wpforms-required-label\" aria-hidden=\"true\">*<\/span><\/label><input type=\"email\" id=\"wpforms-434-field_2\" class=\"wpforms-field-medium wpforms-field-required\" name=\"wpforms[fields][2]\" placeholder=\"Adres e-mail\" spellcheck=\"false\" aria-errormessage=\"wpforms-434-field_2-error\" required><\/div>\t\t<div id=\"wpforms-434-field_4-container\"\n\t\t\tclass=\"wpforms-field wpforms-field-text\"\n\t\t\tdata-field-type=\"text\"\n\t\t\tdata-field-id=\"4\"\n\t\t\t>\n\t\t\t<label class=\"wpforms-field-label\" for=\"wpforms-434-field_4\" >i e-mail Wiadomo\u015b\u0107<\/label>\n\t\t\t<input type=\"text\" id=\"wpforms-434-field_4\" class=\"wpforms-field-medium\" name=\"wpforms[fields][4]\" >\n\t\t<\/div>\n\t\t<div id=\"wpforms-434-field_3-container\" class=\"wpforms-field wpforms-field-textarea\" data-field-id=\"3\"><label class=\"wpforms-field-label wpforms-label-hide\" for=\"wpforms-434-field_3\" aria-hidden=\"false\">Wiadomo\u015b\u0107 <span class=\"wpforms-required-label\" aria-hidden=\"true\">*<\/span><\/label><textarea id=\"wpforms-434-field_3\" class=\"wpforms-field-medium wpforms-field-required\" name=\"wpforms[fields][3]\" placeholder=\"Napisz wiadomo\u015b\u0107\" aria-errormessage=\"wpforms-434-field_3-error\" required><\/textarea><\/div><script>\n\t\t\t\t( function() {\n\t\t\t\t\tconst style = document.createElement( 'style' );\n\t\t\t\t\tstyle.appendChild( document.createTextNode( '#wpforms-434-field_4-container { position: absolute !important; overflow: hidden !important; display: inline !important; height: 1px !important; width: 1px !important; z-index: -1000 !important; padding: 0 !important; } #wpforms-434-field_4-container input { visibility: hidden; } #wpforms-conversational-form-page #wpforms-434-field_4-container label { counter-increment: none; }' ) );\n\t\t\t\t\tdocument.head.appendChild( style );\n\t\t\t\t\tdocument.currentScript?.remove();\n\t\t\t\t} )();\n\t\t\t<\/script><\/div><!-- .wpforms-field-container --><div class=\"wpforms-submit-container\" ><input type=\"hidden\" name=\"wpforms[id]\" value=\"434\"><input type=\"hidden\" name=\"page_title\" value=\"\"><input type=\"hidden\" name=\"page_url\" value=\"https:\/\/gramnatura.you2.pl\/index.php\/wp-json\/wp\/v2\/pages\/13\"><input type=\"hidden\" name=\"url_referer\" value=\"\"><button type=\"submit\" name=\"wpforms[submit]\" id=\"wpforms-submit-434\" class=\"wpforms-submit\" data-alt-text=\"Wysy\u0142anie...\" data-submit-text=\"Wy\u015blij\" aria-live=\"assertive\" value=\"wpforms-submit\">Wy\u015blij<\/button><img loading=\"lazy\" decoding=\"async\" src=\"https:\/\/gramnatura.you2.pl\/wp-content\/plugins\/wpforms-lite\/assets\/images\/submit-spin.svg\" class=\"wpforms-submit-spinner\" style=\"display: none;\" width=\"26\" height=\"26\" alt=\"Wczytywanie\"><\/div><\/form><\/div>  <!-- .wpforms-container -->\n\n\n<div style=\"height:87px\" aria-hidden=\"true\" class=\"wp-block-spacer\"><\/div>\n<\/div>\n<\/div>\n<\/div><\/div>\n","protected":false},"excerpt":{"rendered":"","protected":false},"author":1,"featured_media":0,"parent":0,"menu_order":0,"comment_status":"closed","ping_status":"closed","template":"no-title","meta":{"footnotes":""},"class_list":["post-13","page","type-page","status-publish","hentry"],"aioseo_notices":[],"_links":{"self":[{"href":"https:\/\/gramnatura.you2.pl\/index.php\/wp-json\/wp\/v2\/pages\/13","targetHints":{"allow":["GET"]}}],"collection":[{"href":"https:\/\/gramnatura.you2.pl\/index.php\/wp-json\/wp\/v2\/pages"}],"about":[{"href":"https:\/\/gramnatura.you2.pl\/index.php\/wp-json\/wp\/v2\/types\/page"}],"author":[{"embeddable":true,"href":"https:\/\/gramnatura.you2.pl\/index.php\/wp-json\/wp\/v2\/users\/1"}],"replies":[{"embeddable":true,"href":"https:\/\/gramnatura.you2.pl\/index.php\/wp-json\/wp\/v2\/comments?post=13"}],"version-history":[{"count":135,"href":"https:\/\/gramnatura.you2.pl\/index.php\/wp-json\/wp\/v2\/pages\/13\/revisions"}],"predecessor-version":[{"id":453,"href":"https:\/\/gramnatura.you2.pl\/index.php\/wp-json\/wp\/v2\/pages\/13\/revisions\/453"}],"wp:attachment":[{"href":"https:\/\/gramnatura.you2.pl\/index.php\/wp-json\/wp\/v2\/media?parent=13"}],"curies":[{"name":"wp","href":"https:\/\/api.w.org\/{rel}","templated":true}]}}