{"id":11,"date":"2026-01-05T19:11:13","date_gmt":"2026-01-05T18:11:13","guid":{"rendered":"https:\/\/gramnatura.you2.pl\/?page_id=11"},"modified":"2026-01-15T22:52:19","modified_gmt":"2026-01-15T21:52:19","slug":"oferta","status":"publish","type":"page","link":"https:\/\/gramnatura.you2.pl\/index.php\/oferta\/","title":{"rendered":"Oferta"},"content":{"rendered":"\n<div class=\"wp-block-cover alignfull is-light has-parallax\" style=\"min-height:524px;aspect-ratio:unset;\"><div class=\"wp-block-cover__image-background wp-image-40 size-large has-parallax\" style=\"background-position:50% 50%;background-image:url(http:\/\/gramnatura.you2.pl\/wp-content\/uploads\/2026\/01\/dried-lily-leaf-textured-background-design-1024x683.jpg)\"><\/div><span aria-hidden=\"true\" class=\"wp-block-cover__background has-background-dim-0 has-background-dim\" style=\"background-color:#e1dcd6\"><\/span><div class=\"wp-block-cover__inner-container has-global-padding is-layout-constrained wp-block-cover-is-layout-constrained\">\n<h2 class=\"wp-block-heading has-text-align-center has-custom-color-4-color has-text-color has-link-color has-noto-serif-display-font-family has-xx-large-font-size wp-elements-bae25adb977a44bddb0dbcbea4f033db\" style=\"font-style:normal;font-weight:900\">OFERTA<\/h2>\n\n\n\n<p class=\"has-text-align-center has-custom-color-4-color has-text-color has-link-color has-geom-font-family wp-elements-7ad0b199a7e8b3e220c64535b0cd0613\"><strong><em>GRAMNATURA \u2013 Manufaktura papieru i zaprosze\u0144 \u015blubnych.<\/em><\/strong><\/p>\n<\/div><\/div>\n\n\n\n<div class=\"wp-block-group alignfull has-custom-color-7-background-color has-background has-global-padding is-layout-constrained wp-container-core-group-is-layout-d904e4ae wp-block-group-is-layout-constrained\" style=\"margin-top:0;margin-bottom:0;padding-top:var(--wp--preset--spacing--70);padding-right:var(--wp--preset--spacing--30);padding-bottom:var(--wp--preset--spacing--70);padding-left:var(--wp--preset--spacing--30)\">\n<h2 class=\"wp-block-heading has-custom-color-4-color has-text-color has-link-color has-noto-serif-display-font-family has-large-font-size wp-elements-5851e64c09de793845576dc06ddaff4d\" style=\"font-style:normal;font-weight:900\">Poznaj nasz\u0105 ofert\u0119!<\/h2>\n\n\n\n<p class=\"has-custom-color-4-color has-text-color has-link-color has-geom-font-family wp-elements-54cc768c75b44c46c2f4f12911e53c24\" style=\"margin-top:16px\">W GRAMNATURZE tworzymy zaproszenia, kt\u00f3re s\u0105 czym\u015b wi\u0119cej ni\u017c tylko kartk\u0105 papieru. To zapowied\u017a Waszej wsp\u00f3lnej drogi, zamkni\u0119ta w rzemie\u015blniczej formie. Skupiamy si\u0119 wy\u0142\u0105cznie na papeterii \u015blubnej, co pozwala nam dopracowa\u0107 ka\u017cdy arkusz do perfekcji.<\/p>\n<\/div>\n\n\n\n<div class=\"wp-block-group alignfull has-custom-color-8-background-color has-background has-global-padding is-layout-constrained wp-container-core-group-is-layout-7276a2bb wp-block-group-is-layout-constrained\" style=\"margin-top:0;margin-bottom:0;padding-top:var(--wp--preset--spacing--60);padding-right:var(--wp--preset--spacing--30);padding-bottom:var(--wp--preset--spacing--60);padding-left:var(--wp--preset--spacing--30)\">\n<div class=\"wp-block-columns alignwide is-layout-flex wp-container-core-columns-is-layout-47c06fe3 wp-block-columns-is-layout-flex\">\n<div class=\"wp-block-column is-vertically-aligned-center is-layout-flow wp-block-column-is-layout-flow\" style=\"flex-basis:50%\">\n<div class=\"wp-block-group has-global-padding is-content-justification-left is-layout-constrained wp-container-core-group-is-layout-12dd3699 wp-block-group-is-layout-constrained\">\n<h2 class=\"wp-block-heading has-custom-color-11-color has-text-color has-link-color has-noto-serif-display-font-family has-large-font-size wp-elements-fb5927faf15d16e11e19e29bd75747da\" style=\"font-style:normal;font-weight:900\">Zaproszenia na papierze czerpanym<\/h2>\n\n\n\n<p class=\"has-custom-color-4-color has-text-color has-link-color has-oswald-font-family wp-elements-5af65299df167bef778cdf8471d1876a\" style=\"margin-top:16px;font-style:normal;font-weight:700\">Od 18 PLN<\/p>\n\n\n\n<p class=\"has-custom-color-4-color has-text-color has-link-color has-geom-font-family wp-elements-30b96ea56af5bdb05db62af97c782849\" style=\"margin-top:16px\">To zaproszenia dla os\u00f3b szukaj\u0105cych produkt\u00f3w z \u201edusz\u0105\u201d. Ka\u017cdy arkusz tworzymy od podstaw w naszej pracowni, dzi\u0119ki czemu nie ma dw\u00f3ch identycznych egzemplarzy.<\/p>\n\n\n\n<div class=\"wp-block-group has-custom-color-4-color has-text-color has-link-color has-geom-font-family wp-elements-0b40335e855b479e91417508f5bea385 is-vertical is-content-justification-left is-layout-flex wp-container-core-group-is-layout-1a6d9d9e wp-block-group-is-layout-flex\">\n<p><strong>Charakterystyka:<\/strong> Mi\u0119kka, bawe\u0142niana faktura i naturalnie postrz\u0119pione, nieregularne brzegi.<\/p>\n\n\n\n<p><strong>Kolorystyka:<\/strong> Od klasycznej bieli i kremu, po delikatne pastele i barwy ziemi.<\/p>\n\n\n\n<p><strong>Unikalno\u015b\u0107:<\/strong> Mo\u017cliwo\u015b\u0107 zatopienia w papierze suszonych p\u0142atk\u00f3w kwiat\u00f3w lub nasion.<\/p>\n<\/div>\n<\/div>\n<\/div>\n\n\n\n<div class=\"wp-block-column is-vertically-aligned-center is-layout-flow wp-container-core-column-is-layout-f5bb311e wp-block-column-is-layout-flow\" style=\"flex-basis:50%\">\n<figure class=\"wp-block-image alignright size-full\"><img loading=\"lazy\" decoding=\"async\" width=\"1024\" height=\"1024\" src=\"http:\/\/gramnatura.you2.pl\/wp-content\/uploads\/2026\/01\/Gemini_Generated_Image_mmm1e4mmm1e4mmm1.png\" alt=\"\" class=\"wp-image-493\" style=\"aspect-ratio:1;object-fit:cover\" srcset=\"https:\/\/gramnatura.you2.pl\/wp-content\/uploads\/2026\/01\/Gemini_Generated_Image_mmm1e4mmm1e4mmm1.png 1024w, https:\/\/gramnatura.you2.pl\/wp-content\/uploads\/2026\/01\/Gemini_Generated_Image_mmm1e4mmm1e4mmm1-300x300.png 300w, https:\/\/gramnatura.you2.pl\/wp-content\/uploads\/2026\/01\/Gemini_Generated_Image_mmm1e4mmm1e4mmm1-150x150.png 150w, https:\/\/gramnatura.you2.pl\/wp-content\/uploads\/2026\/01\/Gemini_Generated_Image_mmm1e4mmm1e4mmm1-768x768.png 768w\" sizes=\"auto, (max-width: 1024px) 100vw, 1024px\" \/><\/figure>\n<\/div>\n<\/div>\n<\/div>\n\n\n\n<div class=\"wp-block-group alignfull has-custom-color-1-background-color has-background has-global-padding is-layout-constrained wp-container-core-group-is-layout-7276a2bb wp-block-group-is-layout-constrained\" style=\"margin-top:0;margin-bottom:0;padding-top:var(--wp--preset--spacing--60);padding-right:var(--wp--preset--spacing--30);padding-bottom:var(--wp--preset--spacing--60);padding-left:var(--wp--preset--spacing--30)\">\n<div class=\"wp-block-columns alignwide is-layout-flex wp-container-core-columns-is-layout-47c06fe3 wp-block-columns-is-layout-flex\">\n<div class=\"wp-block-column is-vertically-aligned-center is-layout-flow wp-container-core-column-is-layout-f5bb311e wp-block-column-is-layout-flow\" style=\"flex-basis:50%\">\n<figure class=\"wp-block-image alignright size-full\"><img loading=\"lazy\" decoding=\"async\" width=\"829\" height=\"829\" src=\"https:\/\/gramnatura.you2.pl\/wp-content\/uploads\/2026\/01\/Gemini_Generated_Image_5e00bh5e00bh5e00-edited.png\" alt=\"\" class=\"wp-image-505\" style=\"aspect-ratio:1;object-fit:cover\" srcset=\"https:\/\/gramnatura.you2.pl\/wp-content\/uploads\/2026\/01\/Gemini_Generated_Image_5e00bh5e00bh5e00-edited.png 829w, https:\/\/gramnatura.you2.pl\/wp-content\/uploads\/2026\/01\/Gemini_Generated_Image_5e00bh5e00bh5e00-edited-300x300.png 300w, https:\/\/gramnatura.you2.pl\/wp-content\/uploads\/2026\/01\/Gemini_Generated_Image_5e00bh5e00bh5e00-edited-150x150.png 150w, https:\/\/gramnatura.you2.pl\/wp-content\/uploads\/2026\/01\/Gemini_Generated_Image_5e00bh5e00bh5e00-edited-768x768.png 768w\" sizes=\"auto, (max-width: 829px) 100vw, 829px\" \/><\/figure>\n<\/div>\n\n\n\n<div class=\"wp-block-column is-vertically-aligned-center is-layout-flow wp-block-column-is-layout-flow\" style=\"flex-basis:50%\">\n<div class=\"wp-block-group has-global-padding is-content-justification-center is-layout-constrained wp-block-group-is-layout-constrained\">\n<h2 class=\"wp-block-heading has-text-align-right has-custom-color-4-color has-text-color has-link-color has-noto-serif-display-font-family has-large-font-size wp-elements-7ba4a77e8dba17d97434c51d83ae444c\" style=\"font-style:normal;font-weight:900\">Kolekcje Autorskie<\/h2>\n\n\n\n<p class=\"has-text-align-right has-custom-color-4-color has-text-color has-link-color has-oswald-font-family wp-elements-cd04888db01b642c565583cfc06273ed\" style=\"margin-top:16px;font-style:normal;font-weight:700\">Od 12 PLN<\/p>\n\n\n\n<p class=\"has-text-align-right has-custom-color-4-color has-text-color has-link-color has-geom-font-family wp-elements-e7302ee0bf1d8355f0234a53a225401e\" style=\"margin-top:16px\">Oferujemy gotowe projekty graficzne, kt\u00f3re dopasowujemy do Waszych danych i stylu.<\/p>\n\n\n\n<div class=\"wp-block-group has-custom-color-4-color has-text-color has-link-color has-geom-font-family wp-elements-fbd6d81e7d95982d8e85da701a22a7e5 is-vertical is-content-justification-right is-layout-flex wp-container-core-group-is-layout-10c183fb wp-block-group-is-layout-flex\">\n<p class=\"has-text-align-right\"><strong>Klasyczne:<\/strong> Eleganckie formy, kt\u00f3re nigdy nie wychodz\u0105 z mody.<\/p>\n\n\n\n<p class=\"has-text-align-right\"><strong>Minimalistyczne:<\/strong> Skupione na pi\u0119knej typografii i du\u017cej ilo\u015bci \u201eoddechu\u201d na papierze.<\/p>\n\n\n\n<p class=\"has-text-align-right\"><strong>Botaniczne:<\/strong> Delikatne szkice i akwarele idealnie wsp\u00f3\u0142graj\u0105ce z natur\u0105.<\/p>\n<\/div>\n<\/div>\n<\/div>\n<\/div>\n<\/div>\n\n\n\n<div class=\"wp-block-group alignfull has-custom-color-2-background-color has-background has-global-padding is-layout-constrained wp-container-core-group-is-layout-7276a2bb wp-block-group-is-layout-constrained\" style=\"margin-top:0;margin-bottom:0;padding-top:var(--wp--preset--spacing--60);padding-right:var(--wp--preset--spacing--30);padding-bottom:var(--wp--preset--spacing--60);padding-left:var(--wp--preset--spacing--30)\">\n<div class=\"wp-block-columns alignwide is-layout-flex wp-container-core-columns-is-layout-47c06fe3 wp-block-columns-is-layout-flex\">\n<div class=\"wp-block-column is-vertically-aligned-center is-layout-flow wp-block-column-is-layout-flow\" style=\"flex-basis:50%\">\n<div class=\"wp-block-group has-global-padding is-content-justification-left is-layout-constrained wp-container-core-group-is-layout-12dd3699 wp-block-group-is-layout-constrained\">\n<h2 class=\"wp-block-heading has-custom-color-11-color has-text-color has-link-color has-noto-serif-display-font-family has-large-font-size wp-elements-c5b849ad93c69f33446f4e9bc3a0825b\" style=\"font-style:normal;font-weight:900\">Personalizacja i Dodatki<\/h2>\n\n\n\n<p class=\"has-custom-color-4-color has-text-color has-link-color has-oswald-font-family wp-elements-2db213b700cca545aced58b43da36685\" style=\"margin-top:16px;font-style:normal;font-weight:700\">Od 5 PLN<\/p>\n\n\n\n<p class=\"has-custom-color-4-color has-text-color has-link-color has-geom-font-family wp-elements-ce28e9de7913f65bffb1e8bbe5443088\" style=\"margin-top:16px\">Ka\u017cde zaproszenie mo\u017cemy wzbogaci\u0107 o detale, kt\u00f3re domykaj\u0105 ca\u0142\u0105 kompozycj\u0119:<\/p>\n\n\n\n<div class=\"wp-block-group has-custom-color-4-color has-text-color has-link-color has-geom-font-family wp-elements-403e9809d0d5b545780c1b425243235e is-vertical is-content-justification-left is-layout-flex wp-container-core-group-is-layout-1a6d9d9e wp-block-group-is-layout-flex\">\n<p><strong>Laki:<\/strong> R\u0119cznie odlewane piecz\u0119cie woskowe w r\u00f3\u017cnych kolorach i wzorach.<\/p>\n\n\n\n<p><strong>Wst\u0105\u017cki:<\/strong> R\u0119cznie rwane wst\u0105\u017cki szyfonowe lub jedwabne.<\/p>\n\n\n\n<p><strong>Koperty:<\/strong> Wysokiej jako\u015bci koperty o podwy\u017cszonej gramaturze, pasuj\u0105ce do stylu zaprosze\u0144.<\/p>\n\n\n\n<p><strong>Wk\u0142adki do kopert:<\/strong> Dodatkowe zdobienie wewn\u0105trz koperty (np. motyw kwiatowy)<\/p>\n<\/div>\n<\/div>\n<\/div>\n\n\n\n<div class=\"wp-block-column is-vertically-aligned-center is-layout-flow wp-container-core-column-is-layout-f5bb311e wp-block-column-is-layout-flow\" style=\"flex-basis:50%\">\n<figure class=\"wp-block-image alignright size-full\"><img loading=\"lazy\" decoding=\"async\" width=\"868\" height=\"870\" src=\"https:\/\/gramnatura.you2.pl\/wp-content\/uploads\/2026\/01\/Gemini_Generated_Image_2vgvll2vgvll2vgv.png\" alt=\"\" class=\"wp-image-513\" style=\"aspect-ratio:1;object-fit:cover\" srcset=\"https:\/\/gramnatura.you2.pl\/wp-content\/uploads\/2026\/01\/Gemini_Generated_Image_2vgvll2vgvll2vgv.png 868w, https:\/\/gramnatura.you2.pl\/wp-content\/uploads\/2026\/01\/Gemini_Generated_Image_2vgvll2vgvll2vgv-300x300.png 300w, https:\/\/gramnatura.you2.pl\/wp-content\/uploads\/2026\/01\/Gemini_Generated_Image_2vgvll2vgvll2vgv-150x150.png 150w, https:\/\/gramnatura.you2.pl\/wp-content\/uploads\/2026\/01\/Gemini_Generated_Image_2vgvll2vgvll2vgv-768x770.png 768w\" sizes=\"auto, (max-width: 868px) 100vw, 868px\" \/><\/figure>\n<\/div>\n<\/div>\n<\/div>\n\n\n\n<div class=\"wp-block-group alignfull has-custom-color-7-background-color has-background has-global-padding is-layout-constrained wp-container-core-group-is-layout-d904e4ae wp-block-group-is-layout-constrained\" style=\"margin-top:0;margin-bottom:0;padding-top:var(--wp--preset--spacing--70);padding-right:var(--wp--preset--spacing--30);padding-bottom:var(--wp--preset--spacing--70);padding-left:var(--wp--preset--spacing--30)\">\n<h2 class=\"wp-block-heading has-custom-color-4-color has-text-color has-link-color has-noto-serif-display-font-family has-large-font-size wp-elements-2fb74e9124e94964e545ec7d8563a740\" style=\"font-style:normal;font-weight:900\">Ceny i czas oczekiwania<\/h2>\n\n\n\n<p class=\"has-custom-color-4-color has-text-color has-link-color has-geom-font-family wp-elements-5a45c376fcfebd1043d2bec182ebac24\" style=\"margin-top:16px\">Dok\u0142adne informacje o cenach podajemy przy <strong>zapytaniu lub z\u0142o\u017ceniu zam\u00f3wienia<\/strong>. Ka\u017cdy projekt jest indywidualny i dopasowany pod Wasze wymagania, dlatego ka\u017cde zaproszenie jest w innym przedziale cenowym.<\/p>\n\n\n\n<p class=\"has-custom-color-4-color has-text-color has-link-color has-geom-font-family wp-elements-efe29b9d7fa0a6dd58135a42a5824f41\" style=\"margin-top:16px\">Czas oczekiwania to <strong>14-21 dni roboczych<\/strong> od z\u0142o\u017cenia zam\u00f3wienia.<\/p>\n<\/div>\n","protected":false},"excerpt":{"rendered":"<p>Poznaj nasz\u0105 ofert\u0119! W GRAMNATURZE tworzymy zaproszenia, kt\u00f3re s\u0105 czym\u015b wi\u0119cej ni\u017c tylko kartk\u0105 papieru. To zapowied\u017a Waszej wsp\u00f3lnej drogi, zamkni\u0119ta w rzemie\u015blniczej formie. Skupiamy si\u0119 wy\u0142\u0105cznie na papeterii \u015blubnej, co pozwala nam dopracowa\u0107 ka\u017cdy arkusz do perfekcji. Zaproszenia na papierze czerpanym Od 18 PLN To zaproszenia dla os\u00f3b szukaj\u0105cych produkt\u00f3w z \u201edusz\u0105\u201d. Ka\u017cdy arkusz [&hellip;]<\/p>\n","protected":false},"author":1,"featured_media":0,"parent":0,"menu_order":0,"comment_status":"closed","ping_status":"closed","template":"no-title","meta":{"footnotes":""},"class_list":["post-11","page","type-page","status-publish","hentry"],"aioseo_notices":[],"_links":{"self":[{"href":"https:\/\/gramnatura.you2.pl\/index.php\/wp-json\/wp\/v2\/pages\/11","targetHints":{"allow":["GET"]}}],"collection":[{"href":"https:\/\/gramnatura.you2.pl\/index.php\/wp-json\/wp\/v2\/pages"}],"about":[{"href":"https:\/\/gramnatura.you2.pl\/index.php\/wp-json\/wp\/v2\/types\/page"}],"author":[{"embeddable":true,"href":"https:\/\/gramnatura.you2.pl\/index.php\/wp-json\/wp\/v2\/users\/1"}],"replies":[{"embeddable":true,"href":"https:\/\/gramnatura.you2.pl\/index.php\/wp-json\/wp\/v2\/comments?post=11"}],"version-history":[{"count":42,"href":"https:\/\/gramnatura.you2.pl\/index.php\/wp-json\/wp\/v2\/pages\/11\/revisions"}],"predecessor-version":[{"id":531,"href":"https:\/\/gramnatura.you2.pl\/index.php\/wp-json\/wp\/v2\/pages\/11\/revisions\/531"}],"wp:attachment":[{"href":"https:\/\/gramnatura.you2.pl\/index.php\/wp-json\/wp\/v2\/media?parent=11"}],"curies":[{"name":"wp","href":"https:\/\/api.w.org\/{rel}","templated":true}]}}